{"id":1844,"date":"2022-12-27T18:30:18","date_gmt":"2022-12-27T22:30:18","guid":{"rendered":"https:\/\/jamahostel.com\/gallery\/"},"modified":"2022-12-29T19:05:18","modified_gmt":"2022-12-29T23:05:18","slug":"fotos","status":"publish","type":"page","link":"https:\/\/jamahostel.com\/es\/fotos\/","title":{"rendered":"Fotos"},"content":{"rendered":"\n<p>Nuestra conexi\u00f3n de fronteras en el imponente <strong>Desierto de Atacama<\/strong>. Te invitamos a descansar en un entorno tranquilo, silencioso y con espacios verdes frescos, siempre conectado con la naturaleza de <strong>San Pedro de Atacama<\/strong>. Sus due\u00f1os, atacame\u00f1os nativos, podr\u00e1n contarte todos sobre como ha evolucionado su pueblo e incluso, podr\u00e1n mostrarte costumbres, platos y tradiciones de este pueblo ancestral.<\/p>\n\n\n<p>[insta-gallery id=\u00bb1&#8243;]<\/p>\n","protected":false},"excerpt":{"rendered":"<p>Nuestra conexi\u00f3n de fronteras en el imponente Desierto de Atacama. Te invitamos a descansar en un entorno tranquilo, silencioso y con espacios verdes frescos, siempre conectado con la naturaleza de San Pedro de Atacama. Sus due\u00f1os, atacame\u00f1os nativos, podr\u00e1n contarte todos sobre como ha evolucionado su pueblo e incluso, podr\u00e1n mostrarte costumbres, platos y tradiciones [&hellip;]<\/p>\n","protected":false},"author":1,"featured_media":1246,"parent":0,"menu_order":0,"comment_status":"closed","ping_status":"closed","template":"","meta":{"inline_featured_image":false,"footnotes":""},"class_list":["post-1844","page","type-page","status-publish","has-post-thumbnail","hentry"],"yoast_head":"<!-- This site is optimized with the Yoast SEO plugin v26.9 - https:\/\/yoast.com\/product\/yoast-seo-wordpress\/ -->\n<title>Fotos de San Pedro de Atacama | Reserva ahora un hostal<\/title>\n<meta name=\"description\" content=\"Nuestra conexi\u00f3n de fronteras en el imponente Desierto de Atacama. Te invitamos a descansar en un entorno tranquilo, silencioso y con espacios verdes frescos, siempre conectado con la naturaleza de San Pedro de Atacama. Sus due\u00f1os, atacame\u00f1os nativos, podr\u00e1n contarte todos sobre como ha evolucionado su pueblo e incluso, podr\u00e1n mostrarte costumbres, platos y tradiciones de este pueblo ancestral.\" \/>\n<meta name=\"robots\" content=\"index, follow, max-snippet:-1, max-image-preview:large, max-video-preview:-1\" \/>\n<link rel=\"canonical\" href=\"https:\/\/jamahostel.com\/es\/fotos\/\" \/>\n<meta property=\"og:locale\" content=\"es_ES\" \/>\n<meta property=\"og:type\" content=\"article\" \/>\n<meta property=\"og:title\" content=\"Fotos de San Pedro de Atacama | Reserva ahora\" \/>\n<meta property=\"og:description\" content=\"Habitaciones privadas con ba\u00f1o privado en el centro.\" \/>\n<meta property=\"og:url\" content=\"https:\/\/jamahostel.com\/es\/fotos\/\" \/>\n<meta property=\"og:site_name\" content=\"Jama Hostel | San Pedro de Atacama\" \/>\n<meta property=\"article:modified_time\" content=\"2022-12-29T23:05:18+00:00\" \/>\n<meta property=\"og:image\" content=\"https:\/\/jamahostel.com\/wp-content\/uploads\/2022\/12\/9.jpg\" \/>\n\t<meta property=\"og:image:width\" content=\"1000\" \/>\n\t<meta property=\"og:image:height\" content=\"667\" \/>\n\t<meta property=\"og:image:type\" content=\"image\/jpeg\" \/>\n<meta name=\"twitter:card\" content=\"summary_large_image\" \/>\n<meta name=\"twitter:label1\" content=\"Tiempo de lectura\" \/>\n\t<meta name=\"twitter:data1\" content=\"1 minuto\" \/>\n<script type=\"application\/ld+json\" class=\"yoast-schema-graph\">{\"@context\":\"https:\/\/schema.org\",\"@graph\":[{\"@type\":\"WebPage\",\"@id\":\"https:\/\/jamahostel.com\/es\/fotos\/\",\"url\":\"https:\/\/jamahostel.com\/es\/fotos\/\",\"name\":\"Fotos de San Pedro de Atacama | Reserva ahora un hostal\",\"isPartOf\":{\"@id\":\"https:\/\/jamahostel.com\/es\/#website\"},\"primaryImageOfPage\":{\"@id\":\"https:\/\/jamahostel.com\/es\/fotos\/#primaryimage\"},\"image\":{\"@id\":\"https:\/\/jamahostel.com\/es\/fotos\/#primaryimage\"},\"thumbnailUrl\":\"https:\/\/jamahostel.com\/wp-content\/uploads\/2022\/12\/atacama-1-e1675108881361.jpg\",\"datePublished\":\"2022-12-27T22:30:18+00:00\",\"dateModified\":\"2022-12-29T23:05:18+00:00\",\"description\":\"Nuestra conexi\u00f3n de fronteras en el imponente Desierto de Atacama. Te invitamos a descansar en un entorno tranquilo, silencioso y con espacios verdes frescos, siempre conectado con la naturaleza de San Pedro de Atacama. Sus due\u00f1os, atacame\u00f1os nativos, podr\u00e1n contarte todos sobre como ha evolucionado su pueblo e incluso, podr\u00e1n mostrarte costumbres, platos y tradiciones de este pueblo ancestral.\",\"breadcrumb\":{\"@id\":\"https:\/\/jamahostel.com\/es\/fotos\/#breadcrumb\"},\"inLanguage\":\"es\",\"potentialAction\":[{\"@type\":\"ReadAction\",\"target\":[\"https:\/\/jamahostel.com\/es\/fotos\/\"]}]},{\"@type\":\"ImageObject\",\"inLanguage\":\"es\",\"@id\":\"https:\/\/jamahostel.com\/es\/fotos\/#primaryimage\",\"url\":\"https:\/\/jamahostel.com\/wp-content\/uploads\/2022\/12\/atacama-1-e1675108881361.jpg\",\"contentUrl\":\"https:\/\/jamahostel.com\/wp-content\/uploads\/2022\/12\/atacama-1-e1675108881361.jpg\",\"width\":1920,\"height\":1080,\"caption\":\"Reservar Habitaciones Hostal Jama San Pedro de Atacama Chile\"},{\"@type\":\"BreadcrumbList\",\"@id\":\"https:\/\/jamahostel.com\/es\/fotos\/#breadcrumb\",\"itemListElement\":[{\"@type\":\"ListItem\",\"position\":1,\"name\":\"Portada\",\"item\":\"https:\/\/jamahostel.com\/es\/\"},{\"@type\":\"ListItem\",\"position\":2,\"name\":\"Fotos\"}]},{\"@type\":\"WebSite\",\"@id\":\"https:\/\/jamahostel.com\/es\/#website\",\"url\":\"https:\/\/jamahostel.com\/es\/\",\"name\":\"Jama Hostel | San Pedro de Atacama\",\"description\":\"Atacama Desert\",\"publisher\":{\"@id\":\"https:\/\/jamahostel.com\/es\/#organization\"},\"potentialAction\":[{\"@type\":\"SearchAction\",\"target\":{\"@type\":\"EntryPoint\",\"urlTemplate\":\"https:\/\/jamahostel.com\/es\/?s={search_term_string}\"},\"query-input\":{\"@type\":\"PropertyValueSpecification\",\"valueRequired\":true,\"valueName\":\"search_term_string\"}}],\"inLanguage\":\"es\"},{\"@type\":\"Organization\",\"@id\":\"https:\/\/jamahostel.com\/es\/#organization\",\"name\":\"Jama Hostel | San Pedro de Atacama\",\"url\":\"https:\/\/jamahostel.com\/es\/\",\"logo\":{\"@type\":\"ImageObject\",\"inLanguage\":\"es\",\"@id\":\"https:\/\/jamahostel.com\/es\/#\/schema\/logo\/image\/\",\"url\":\"https:\/\/jamahostel.com\/wp-content\/uploads\/2023\/09\/jama-hostel-23-e1693961431211.png\",\"contentUrl\":\"https:\/\/jamahostel.com\/wp-content\/uploads\/2023\/09\/jama-hostel-23-e1693961431211.png\",\"width\":300,\"height\":75,\"caption\":\"Jama Hostel | San Pedro de Atacama\"},\"image\":{\"@id\":\"https:\/\/jamahostel.com\/es\/#\/schema\/logo\/image\/\"}}]}<\/script>\n<!-- \/ Yoast SEO plugin. -->","yoast_head_json":{"title":"Fotos de San Pedro de Atacama | Reserva ahora un hostal","description":"Nuestra conexi\u00f3n de fronteras en el imponente Desierto de Atacama. Te invitamos a descansar en un entorno tranquilo, silencioso y con espacios verdes frescos, siempre conectado con la naturaleza de San Pedro de Atacama. Sus due\u00f1os, atacame\u00f1os nativos, podr\u00e1n contarte todos sobre como ha evolucionado su pueblo e incluso, podr\u00e1n mostrarte costumbres, platos y tradiciones de este pueblo ancestral.","robots":{"index":"index","follow":"follow","max-snippet":"max-snippet:-1","max-image-preview":"max-image-preview:large","max-video-preview":"max-video-preview:-1"},"canonical":"https:\/\/jamahostel.com\/es\/fotos\/","og_locale":"es_ES","og_type":"article","og_title":"Fotos de San Pedro de Atacama | Reserva ahora","og_description":"Habitaciones privadas con ba\u00f1o privado en el centro.","og_url":"https:\/\/jamahostel.com\/es\/fotos\/","og_site_name":"Jama Hostel | San Pedro de Atacama","article_modified_time":"2022-12-29T23:05:18+00:00","og_image":[{"width":1000,"height":667,"url":"https:\/\/jamahostel.com\/wp-content\/uploads\/2022\/12\/9.jpg","type":"image\/jpeg"}],"twitter_card":"summary_large_image","twitter_misc":{"Tiempo de lectura":"1 minuto"},"schema":{"@context":"https:\/\/schema.org","@graph":[{"@type":"WebPage","@id":"https:\/\/jamahostel.com\/es\/fotos\/","url":"https:\/\/jamahostel.com\/es\/fotos\/","name":"Fotos de San Pedro de Atacama | Reserva ahora un hostal","isPartOf":{"@id":"https:\/\/jamahostel.com\/es\/#website"},"primaryImageOfPage":{"@id":"https:\/\/jamahostel.com\/es\/fotos\/#primaryimage"},"image":{"@id":"https:\/\/jamahostel.com\/es\/fotos\/#primaryimage"},"thumbnailUrl":"https:\/\/jamahostel.com\/wp-content\/uploads\/2022\/12\/atacama-1-e1675108881361.jpg","datePublished":"2022-12-27T22:30:18+00:00","dateModified":"2022-12-29T23:05:18+00:00","description":"Nuestra conexi\u00f3n de fronteras en el imponente Desierto de Atacama. Te invitamos a descansar en un entorno tranquilo, silencioso y con espacios verdes frescos, siempre conectado con la naturaleza de San Pedro de Atacama. Sus due\u00f1os, atacame\u00f1os nativos, podr\u00e1n contarte todos sobre como ha evolucionado su pueblo e incluso, podr\u00e1n mostrarte costumbres, platos y tradiciones de este pueblo ancestral.","breadcrumb":{"@id":"https:\/\/jamahostel.com\/es\/fotos\/#breadcrumb"},"inLanguage":"es","potentialAction":[{"@type":"ReadAction","target":["https:\/\/jamahostel.com\/es\/fotos\/"]}]},{"@type":"ImageObject","inLanguage":"es","@id":"https:\/\/jamahostel.com\/es\/fotos\/#primaryimage","url":"https:\/\/jamahostel.com\/wp-content\/uploads\/2022\/12\/atacama-1-e1675108881361.jpg","contentUrl":"https:\/\/jamahostel.com\/wp-content\/uploads\/2022\/12\/atacama-1-e1675108881361.jpg","width":1920,"height":1080,"caption":"Reservar Habitaciones Hostal Jama San Pedro de Atacama Chile"},{"@type":"BreadcrumbList","@id":"https:\/\/jamahostel.com\/es\/fotos\/#breadcrumb","itemListElement":[{"@type":"ListItem","position":1,"name":"Portada","item":"https:\/\/jamahostel.com\/es\/"},{"@type":"ListItem","position":2,"name":"Fotos"}]},{"@type":"WebSite","@id":"https:\/\/jamahostel.com\/es\/#website","url":"https:\/\/jamahostel.com\/es\/","name":"Jama Hostel | San Pedro de Atacama","description":"Atacama Desert","publisher":{"@id":"https:\/\/jamahostel.com\/es\/#organization"},"potentialAction":[{"@type":"SearchAction","target":{"@type":"EntryPoint","urlTemplate":"https:\/\/jamahostel.com\/es\/?s={search_term_string}"},"query-input":{"@type":"PropertyValueSpecification","valueRequired":true,"valueName":"search_term_string"}}],"inLanguage":"es"},{"@type":"Organization","@id":"https:\/\/jamahostel.com\/es\/#organization","name":"Jama Hostel | San Pedro de Atacama","url":"https:\/\/jamahostel.com\/es\/","logo":{"@type":"ImageObject","inLanguage":"es","@id":"https:\/\/jamahostel.com\/es\/#\/schema\/logo\/image\/","url":"https:\/\/jamahostel.com\/wp-content\/uploads\/2023\/09\/jama-hostel-23-e1693961431211.png","contentUrl":"https:\/\/jamahostel.com\/wp-content\/uploads\/2023\/09\/jama-hostel-23-e1693961431211.png","width":300,"height":75,"caption":"Jama Hostel | San Pedro de Atacama"},"image":{"@id":"https:\/\/jamahostel.com\/es\/#\/schema\/logo\/image\/"}}]}},"_links":{"self":[{"href":"https:\/\/jamahostel.com\/es\/wp-json\/wp\/v2\/pages\/1844","targetHints":{"allow":["GET"]}}],"collection":[{"href":"https:\/\/jamahostel.com\/es\/wp-json\/wp\/v2\/pages"}],"about":[{"href":"https:\/\/jamahostel.com\/es\/wp-json\/wp\/v2\/types\/page"}],"author":[{"embeddable":true,"href":"https:\/\/jamahostel.com\/es\/wp-json\/wp\/v2\/users\/1"}],"replies":[{"embeddable":true,"href":"https:\/\/jamahostel.com\/es\/wp-json\/wp\/v2\/comments?post=1844"}],"version-history":[{"count":2,"href":"https:\/\/jamahostel.com\/es\/wp-json\/wp\/v2\/pages\/1844\/revisions"}],"predecessor-version":[{"id":1882,"href":"https:\/\/jamahostel.com\/es\/wp-json\/wp\/v2\/pages\/1844\/revisions\/1882"}],"wp:featuredmedia":[{"embeddable":true,"href":"https:\/\/jamahostel.com\/es\/wp-json\/wp\/v2\/media\/1246"}],"wp:attachment":[{"href":"https:\/\/jamahostel.com\/es\/wp-json\/wp\/v2\/media?parent=1844"}],"curies":[{"name":"wp","href":"https:\/\/api.w.org\/{rel}","templated":true}]}}