{"id":9370,"date":"2024-10-31T07:09:04","date_gmt":"2024-10-31T11:09:04","guid":{"rendered":"https:\/\/jamahostel.com\/shared-room\/"},"modified":"2024-10-31T08:44:32","modified_gmt":"2024-10-31T12:44:32","slug":"habitacion-compartida","status":"publish","type":"page","link":"https:\/\/jamahostel.com\/es\/habitacion-compartida\/","title":{"rendered":"Habitaci\u00f3n Compartida"},"content":{"rendered":"\n<h2 class=\"wp-block-heading\">Reglas y Ubicaci\u00f3n de Camas<\/h2>\n\n\n\n<p>Cama en habitaci\u00f3n compartida mixta de 12 camas con ba\u00f1o privado en San Pedro de Atacama. Incluye estacionamiento gratuito, cocina compartida, lockers y wifi.<\/p>\n\n\n\n<h4 class=\"wp-block-heading\">Reglas<\/h4>\n\n\n\n<p><strong>Check-In y Check-Out<\/strong><\/p>\n\n\n\n<ul class=\"wp-block-list\">\n<li><strong>Ingreso<\/strong>: A partir de las 3 PM.<\/li>\n\n\n\n<li><strong>Salida<\/strong>: Antes de las 11 AM.<\/li>\n\n\n\n<li>Por favor, aseg\u00farate de dejar tu cama y espacio limpios.<\/li>\n<\/ul>\n\n\n\n<p><strong>Orden Asignado de las Camas<\/strong><\/p>\n\n\n\n<p>El orden asignado de las camas en el cuarto compartido no puede ser alterado. Cada reserva debe permanecer en la cama asignada al momento de realizar la reserva (orden aleatorio). Si deseas cambiar de cama, por favor consulta la disponibilidad en Jama Hostel. Este cambio solo ser\u00e1 posible si no hay otras reservas que lo impidan.<\/p>\n\n\n\n<p><strong>Silencio y Respeto<\/strong><\/p>\n\n\n\n<p>Respeta el descanso de los dem\u00e1s. Mant\u00e9n el volumen bajo despu\u00e9s de las 10 PM.<br>S\u00e9 considerado al entrar y salir de la habitaci\u00f3n.<\/p>\n\n\n\n<p><strong>Limpieza y Orden<\/strong><\/p>\n\n\n\n<p>Mant\u00e9n tu \u00e1rea y cama ordenadas. Utiliza los lockers para guardar tus pertenencias.<br>Ayuda a mantener el espacio limpio y tira la basura en los recipientes designados.<\/p>\n\n\n\n<p><strong>Uso de Ba\u00f1os<\/strong><\/p>\n\n\n\n<p>Hay 4 ba\u00f1os compartidos (2 internos y 2 externos con duchas).<br>Por favor, d\u00e9jalos limpios despu\u00e9s de usarlos.<br>Utiliza el agua con responsabilidad; \u00a1es escasa en el desierto!<br>Apaga siempre las luces al retirarte.<\/p>\n\n\n\n<p><strong>Objetos de Valor<\/strong><\/p>\n\n\n\n<p>Guarda tus objetos de valor en los lockers disponibles o consulta en recepci\u00f3n.<br>El hostel no se hace responsable por objetos perdidos o robados.<\/p>\n\n\n\n<p><strong>Visitas<\/strong><\/p>\n\n\n\n<p>No se permiten visitas en las habitaciones de los hu\u00e9spedes.<br>Las visitas pueden permanecer en el \u00e1rea del jard\u00edn.<\/p>\n\n\n\n<p><strong>Uso de Dispositivos Electr\u00f3nicos<\/strong><\/p>\n\n\n\n<p>Por favor, utiliza auriculares al escuchar m\u00fasica o ver videos para no molestar a los dem\u00e1s.<br>Carga tus dispositivos en los lugares designados.<\/p>\n\n\n\n<p><strong>Prohibido<\/strong><\/p>\n\n\n\n<p>No se permite fumar en las habitaciones.<br>No se permiten alimentos ni bebidas en las camas.<\/p>\n\n\n\n<p><strong>Emergencias<\/strong><\/p>\n\n\n\n<p>Familiar\u00edzate con las salidas de emergencia y los procedimientos en caso de emergencia.<br>Reporta cualquier problema o incidente al personal del hostel de inmediato.<br>WhatsApp de emergencias: <a href=\"tel:+56944845252\">+56944845252<\/a><\/p>\n\n\n\n<h4 class=\"wp-block-heading\">Ubicaci\u00f3n de Camas<\/h4>\n\n\n\n<figure class=\"wp-block-image size-full\"><img loading=\"lazy\" decoding=\"async\" width=\"700\" height=\"700\" src=\"https:\/\/jamahostel.com\/wp-content\/uploads\/2024\/10\/numeracion-es.jpg\" alt=\"\" class=\"wp-image-9374\" srcset=\"https:\/\/jamahostel.com\/wp-content\/uploads\/2024\/10\/numeracion-es.jpg 700w, https:\/\/jamahostel.com\/wp-content\/uploads\/2024\/10\/numeracion-es-300x300.jpg 300w, https:\/\/jamahostel.com\/wp-content\/uploads\/2024\/10\/numeracion-es-150x150.jpg 150w, https:\/\/jamahostel.com\/wp-content\/uploads\/2024\/10\/numeracion-es-600x600.jpg 600w, https:\/\/jamahostel.com\/wp-content\/uploads\/2024\/10\/numeracion-es-100x100.jpg 100w\" sizes=\"auto, (max-width: 700px) 100vw, 700px\" \/><\/figure>\n","protected":false},"excerpt":{"rendered":"<p>Reglas y Ubicaci\u00f3n de Camas Cama en habitaci\u00f3n compartida mixta de 12 camas con ba\u00f1o privado en San Pedro de Atacama. Incluye estacionamiento gratuito, cocina compartida, lockers y wifi. Reglas Check-In y Check-Out Orden Asignado de las Camas El orden asignado de las camas en el cuarto compartido no puede ser alterado. Cada reserva debe [&hellip;]<\/p>\n","protected":false},"author":1,"featured_media":9219,"parent":0,"menu_order":0,"comment_status":"closed","ping_status":"closed","template":"","meta":{"inline_featured_image":false,"footnotes":""},"class_list":["post-9370","page","type-page","status-publish","has-post-thumbnail","hentry"],"yoast_head":"<!-- This site is optimized with the Yoast SEO plugin v26.9 - https:\/\/yoast.com\/product\/yoast-seo-wordpress\/ -->\n<title>Habitaci\u00f3n Compartida en San Pedro de Atacama | Jama Hostel<\/title>\n<meta name=\"description\" content=\"Cama en habitaci\u00f3n compartida mixta de 12 camas con ba\u00f1o privado en San Pedro de Atacama. Incluye estacionamiento, cocina, lockers y wifi.\" \/>\n<meta name=\"robots\" content=\"index, follow, max-snippet:-1, max-image-preview:large, max-video-preview:-1\" \/>\n<link rel=\"canonical\" href=\"https:\/\/jamahostel.com\/es\/habitacion-compartida\/\" \/>\n<meta property=\"og:locale\" content=\"es_ES\" \/>\n<meta property=\"og:type\" content=\"article\" \/>\n<meta property=\"og:title\" content=\"Reglas y Ubicaci\u00f3n de Habitaciones | Jama Hostel\" \/>\n<meta property=\"og:description\" content=\"Habitaci\u00f3n compartida mixta de 12 camas con ba\u00f1o privado.\" \/>\n<meta property=\"og:url\" content=\"https:\/\/jamahostel.com\/es\/habitacion-compartida\/\" \/>\n<meta property=\"og:site_name\" content=\"Jama Hostel | San Pedro de Atacama\" \/>\n<meta property=\"article:modified_time\" content=\"2024-10-31T12:44:32+00:00\" \/>\n<meta property=\"og:image\" content=\"https:\/\/jamahostel.com\/wp-content\/uploads\/2023\/05\/jama-cuarto-compartido-6-1024x683.jpg\" \/>\n<meta name=\"twitter:card\" content=\"summary_large_image\" \/>\n<meta name=\"twitter:label1\" content=\"Tiempo de lectura\" \/>\n\t<meta name=\"twitter:data1\" content=\"2 minutos\" \/>\n<script type=\"application\/ld+json\" class=\"yoast-schema-graph\">{\"@context\":\"https:\/\/schema.org\",\"@graph\":[{\"@type\":\"WebPage\",\"@id\":\"https:\/\/jamahostel.com\/es\/habitacion-compartida\/\",\"url\":\"https:\/\/jamahostel.com\/es\/habitacion-compartida\/\",\"name\":\"Habitaci\u00f3n Compartida en San Pedro de Atacama | Jama Hostel\",\"isPartOf\":{\"@id\":\"https:\/\/jamahostel.com\/es\/#website\"},\"primaryImageOfPage\":{\"@id\":\"https:\/\/jamahostel.com\/es\/habitacion-compartida\/#primaryimage\"},\"image\":{\"@id\":\"https:\/\/jamahostel.com\/es\/habitacion-compartida\/#primaryimage\"},\"thumbnailUrl\":\"https:\/\/jamahostel.com\/wp-content\/uploads\/2023\/05\/jama-cuarto-compartido-6.jpg\",\"datePublished\":\"2024-10-31T11:09:04+00:00\",\"dateModified\":\"2024-10-31T12:44:32+00:00\",\"description\":\"Cama en habitaci\u00f3n compartida mixta de 12 camas con ba\u00f1o privado en San Pedro de Atacama. Incluye estacionamiento, cocina, lockers y wifi.\",\"breadcrumb\":{\"@id\":\"https:\/\/jamahostel.com\/es\/habitacion-compartida\/#breadcrumb\"},\"inLanguage\":\"es\",\"potentialAction\":[{\"@type\":\"ReadAction\",\"target\":[\"https:\/\/jamahostel.com\/es\/habitacion-compartida\/\"]}]},{\"@type\":\"ImageObject\",\"inLanguage\":\"es\",\"@id\":\"https:\/\/jamahostel.com\/es\/habitacion-compartida\/#primaryimage\",\"url\":\"https:\/\/jamahostel.com\/wp-content\/uploads\/2023\/05\/jama-cuarto-compartido-6.jpg\",\"contentUrl\":\"https:\/\/jamahostel.com\/wp-content\/uploads\/2023\/05\/jama-cuarto-compartido-6.jpg\",\"width\":1200,\"height\":800,\"caption\":\"Shared Room Jama Hostel San Pedro de Atacama Book Now\"},{\"@type\":\"BreadcrumbList\",\"@id\":\"https:\/\/jamahostel.com\/es\/habitacion-compartida\/#breadcrumb\",\"itemListElement\":[{\"@type\":\"ListItem\",\"position\":1,\"name\":\"Portada\",\"item\":\"https:\/\/jamahostel.com\/es\/\"},{\"@type\":\"ListItem\",\"position\":2,\"name\":\"Habitaci\u00f3n Compartida\"}]},{\"@type\":\"WebSite\",\"@id\":\"https:\/\/jamahostel.com\/es\/#website\",\"url\":\"https:\/\/jamahostel.com\/es\/\",\"name\":\"Jama Hostel | San Pedro de Atacama\",\"description\":\"Atacama Desert\",\"publisher\":{\"@id\":\"https:\/\/jamahostel.com\/es\/#organization\"},\"potentialAction\":[{\"@type\":\"SearchAction\",\"target\":{\"@type\":\"EntryPoint\",\"urlTemplate\":\"https:\/\/jamahostel.com\/es\/?s={search_term_string}\"},\"query-input\":{\"@type\":\"PropertyValueSpecification\",\"valueRequired\":true,\"valueName\":\"search_term_string\"}}],\"inLanguage\":\"es\"},{\"@type\":\"Organization\",\"@id\":\"https:\/\/jamahostel.com\/es\/#organization\",\"name\":\"Jama Hostel | San Pedro de Atacama\",\"url\":\"https:\/\/jamahostel.com\/es\/\",\"logo\":{\"@type\":\"ImageObject\",\"inLanguage\":\"es\",\"@id\":\"https:\/\/jamahostel.com\/es\/#\/schema\/logo\/image\/\",\"url\":\"https:\/\/jamahostel.com\/wp-content\/uploads\/2023\/09\/jama-hostel-23-e1693961431211.png\",\"contentUrl\":\"https:\/\/jamahostel.com\/wp-content\/uploads\/2023\/09\/jama-hostel-23-e1693961431211.png\",\"width\":300,\"height\":75,\"caption\":\"Jama Hostel | San Pedro de Atacama\"},\"image\":{\"@id\":\"https:\/\/jamahostel.com\/es\/#\/schema\/logo\/image\/\"}}]}<\/script>\n<!-- \/ Yoast SEO plugin. -->","yoast_head_json":{"title":"Habitaci\u00f3n Compartida en San Pedro de Atacama | Jama Hostel","description":"Cama en habitaci\u00f3n compartida mixta de 12 camas con ba\u00f1o privado en San Pedro de Atacama. Incluye estacionamiento, cocina, lockers y wifi.","robots":{"index":"index","follow":"follow","max-snippet":"max-snippet:-1","max-image-preview":"max-image-preview:large","max-video-preview":"max-video-preview:-1"},"canonical":"https:\/\/jamahostel.com\/es\/habitacion-compartida\/","og_locale":"es_ES","og_type":"article","og_title":"Reglas y Ubicaci\u00f3n de Habitaciones | Jama Hostel","og_description":"Habitaci\u00f3n compartida mixta de 12 camas con ba\u00f1o privado.","og_url":"https:\/\/jamahostel.com\/es\/habitacion-compartida\/","og_site_name":"Jama Hostel | San Pedro de Atacama","article_modified_time":"2024-10-31T12:44:32+00:00","og_image":[{"url":"https:\/\/jamahostel.com\/wp-content\/uploads\/2023\/05\/jama-cuarto-compartido-6-1024x683.jpg","type":"","width":"","height":""}],"twitter_card":"summary_large_image","twitter_misc":{"Tiempo de lectura":"2 minutos"},"schema":{"@context":"https:\/\/schema.org","@graph":[{"@type":"WebPage","@id":"https:\/\/jamahostel.com\/es\/habitacion-compartida\/","url":"https:\/\/jamahostel.com\/es\/habitacion-compartida\/","name":"Habitaci\u00f3n Compartida en San Pedro de Atacama | Jama Hostel","isPartOf":{"@id":"https:\/\/jamahostel.com\/es\/#website"},"primaryImageOfPage":{"@id":"https:\/\/jamahostel.com\/es\/habitacion-compartida\/#primaryimage"},"image":{"@id":"https:\/\/jamahostel.com\/es\/habitacion-compartida\/#primaryimage"},"thumbnailUrl":"https:\/\/jamahostel.com\/wp-content\/uploads\/2023\/05\/jama-cuarto-compartido-6.jpg","datePublished":"2024-10-31T11:09:04+00:00","dateModified":"2024-10-31T12:44:32+00:00","description":"Cama en habitaci\u00f3n compartida mixta de 12 camas con ba\u00f1o privado en San Pedro de Atacama. Incluye estacionamiento, cocina, lockers y wifi.","breadcrumb":{"@id":"https:\/\/jamahostel.com\/es\/habitacion-compartida\/#breadcrumb"},"inLanguage":"es","potentialAction":[{"@type":"ReadAction","target":["https:\/\/jamahostel.com\/es\/habitacion-compartida\/"]}]},{"@type":"ImageObject","inLanguage":"es","@id":"https:\/\/jamahostel.com\/es\/habitacion-compartida\/#primaryimage","url":"https:\/\/jamahostel.com\/wp-content\/uploads\/2023\/05\/jama-cuarto-compartido-6.jpg","contentUrl":"https:\/\/jamahostel.com\/wp-content\/uploads\/2023\/05\/jama-cuarto-compartido-6.jpg","width":1200,"height":800,"caption":"Shared Room Jama Hostel San Pedro de Atacama Book Now"},{"@type":"BreadcrumbList","@id":"https:\/\/jamahostel.com\/es\/habitacion-compartida\/#breadcrumb","itemListElement":[{"@type":"ListItem","position":1,"name":"Portada","item":"https:\/\/jamahostel.com\/es\/"},{"@type":"ListItem","position":2,"name":"Habitaci\u00f3n Compartida"}]},{"@type":"WebSite","@id":"https:\/\/jamahostel.com\/es\/#website","url":"https:\/\/jamahostel.com\/es\/","name":"Jama Hostel | San Pedro de Atacama","description":"Atacama Desert","publisher":{"@id":"https:\/\/jamahostel.com\/es\/#organization"},"potentialAction":[{"@type":"SearchAction","target":{"@type":"EntryPoint","urlTemplate":"https:\/\/jamahostel.com\/es\/?s={search_term_string}"},"query-input":{"@type":"PropertyValueSpecification","valueRequired":true,"valueName":"search_term_string"}}],"inLanguage":"es"},{"@type":"Organization","@id":"https:\/\/jamahostel.com\/es\/#organization","name":"Jama Hostel | San Pedro de Atacama","url":"https:\/\/jamahostel.com\/es\/","logo":{"@type":"ImageObject","inLanguage":"es","@id":"https:\/\/jamahostel.com\/es\/#\/schema\/logo\/image\/","url":"https:\/\/jamahostel.com\/wp-content\/uploads\/2023\/09\/jama-hostel-23-e1693961431211.png","contentUrl":"https:\/\/jamahostel.com\/wp-content\/uploads\/2023\/09\/jama-hostel-23-e1693961431211.png","width":300,"height":75,"caption":"Jama Hostel | San Pedro de Atacama"},"image":{"@id":"https:\/\/jamahostel.com\/es\/#\/schema\/logo\/image\/"}}]}},"_links":{"self":[{"href":"https:\/\/jamahostel.com\/es\/wp-json\/wp\/v2\/pages\/9370","targetHints":{"allow":["GET"]}}],"collection":[{"href":"https:\/\/jamahostel.com\/es\/wp-json\/wp\/v2\/pages"}],"about":[{"href":"https:\/\/jamahostel.com\/es\/wp-json\/wp\/v2\/types\/page"}],"author":[{"embeddable":true,"href":"https:\/\/jamahostel.com\/es\/wp-json\/wp\/v2\/users\/1"}],"replies":[{"embeddable":true,"href":"https:\/\/jamahostel.com\/es\/wp-json\/wp\/v2\/comments?post=9370"}],"version-history":[{"count":4,"href":"https:\/\/jamahostel.com\/es\/wp-json\/wp\/v2\/pages\/9370\/revisions"}],"predecessor-version":[{"id":9380,"href":"https:\/\/jamahostel.com\/es\/wp-json\/wp\/v2\/pages\/9370\/revisions\/9380"}],"wp:featuredmedia":[{"embeddable":true,"href":"https:\/\/jamahostel.com\/es\/wp-json\/wp\/v2\/media\/9219"}],"wp:attachment":[{"href":"https:\/\/jamahostel.com\/es\/wp-json\/wp\/v2\/media?parent=9370"}],"curies":[{"name":"wp","href":"https:\/\/api.w.org\/{rel}","templated":true}]}}