{"id":1843,"date":"2022-12-27T18:30:18","date_gmt":"2022-12-27T22:30:18","guid":{"rendered":"https:\/\/jamahostel.com\/gallery\/"},"modified":"2023-01-02T14:05:12","modified_gmt":"2023-01-02T18:05:12","slug":"fotos","status":"publish","type":"page","link":"https:\/\/jamahostel.com\/pt-br\/fotos\/","title":{"rendered":"Fotos"},"content":{"rendered":"\n<p>O Paso de Jama \u00e9 uma passagem montanhosa pelos Andes entre o <strong>Chile<\/strong> e a Argentina. Sendo a fronteira mais ao norte entre os dois pa\u00edses. Assim, o <strong>Hostel Jama<\/strong> \u00e9 uma conex\u00e3o de fronteira no impressionante <strong>Deserto de Atacama<\/strong>. N\u00f3s convidamos voc\u00ea a descansar em um ambiente calmo e tranquilo, com espa\u00e7os verdes e frescos, sempre conectado com a natureza do <strong>Atacama<\/strong>. Seus propriet\u00e1rios, atacamenhos nativos, podem contar tudo sobre como sua cidade evoluiu, al\u00e9m de mostrar costumes, culin\u00e1ria e tradi\u00e7\u00f5es de <strong>San Pedro de Atacama<\/strong>, no norte do Chile.<\/p>\n\n\n<p>[insta-gallery id=&#8221;1&#8243;]<\/p>\n","protected":false},"excerpt":{"rendered":"<p>O Paso de Jama \u00e9 uma passagem montanhosa pelos Andes entre o Chile e a Argentina. Sendo a fronteira mais ao norte entre os dois pa\u00edses. Assim, o Hostel Jama \u00e9 uma conex\u00e3o de fronteira no impressionante Deserto de Atacama. N\u00f3s convidamos voc\u00ea a descansar em um ambiente calmo e tranquilo, com espa\u00e7os verdes e [&hellip;]<\/p>\n","protected":false},"author":1,"featured_media":1245,"parent":0,"menu_order":0,"comment_status":"closed","ping_status":"closed","template":"","meta":{"inline_featured_image":false,"footnotes":""},"class_list":["post-1843","page","type-page","status-publish","has-post-thumbnail","hentry"],"yoast_head":"<!-- This site is optimized with the Yoast SEO plugin v26.9 - https:\/\/yoast.com\/product\/yoast-seo-wordpress\/ -->\n<title>Fotos de San Pedro de Atacama | Deserto de Atacama - Chile<\/title>\n<meta name=\"description\" content=\"N\u00f3s convidamos voc\u00ea a descansar em um ambiente calmo e tranquilo, com espa\u00e7os verdes e frescos, sempre conectado com a natureza do Atacama. Seus propriet\u00e1rios, atacamenhos nativos, podem contar tudo sobre como sua cidade evoluiu, al\u00e9m de mostrar costumes, culin\u00e1ria e tradi\u00e7\u00f5es de San Pedro de Atacama, no norte do Chile.\" \/>\n<meta name=\"robots\" content=\"index, follow, max-snippet:-1, max-image-preview:large, max-video-preview:-1\" \/>\n<link rel=\"canonical\" href=\"https:\/\/jamahostel.com\/pt-br\/fotos\/\" \/>\n<meta property=\"og:locale\" content=\"pt_BR\" \/>\n<meta property=\"og:type\" content=\"article\" \/>\n<meta property=\"og:title\" content=\"Fotos de San Pedro de Atacama | Deserto de Atacama - Chile\" \/>\n<meta property=\"og:description\" content=\"N\u00f3s convidamos voc\u00ea a descansar em um ambiente calmo e tranquilo, com espa\u00e7os verdes e frescos, sempre conectado com a natureza do Atacama. Seus propriet\u00e1rios, atacamenhos nativos, podem contar tudo sobre como sua cidade evoluiu, al\u00e9m de mostrar costumes, culin\u00e1ria e tradi\u00e7\u00f5es de San Pedro de Atacama, no norte do Chile.\" \/>\n<meta property=\"og:url\" content=\"https:\/\/jamahostel.com\/pt-br\/fotos\/\" \/>\n<meta property=\"og:site_name\" content=\"Jama Hostel | San Pedro de Atacama\" \/>\n<meta property=\"article:modified_time\" content=\"2023-01-02T18:05:12+00:00\" \/>\n<meta property=\"og:image\" content=\"https:\/\/jamahostel.com\/wp-content\/uploads\/2022\/12\/atacama-1.jpg\" \/>\n\t<meta property=\"og:image:width\" content=\"1920\" \/>\n\t<meta property=\"og:image:height\" content=\"1080\" \/>\n\t<meta property=\"og:image:type\" content=\"image\/jpeg\" \/>\n<meta name=\"twitter:card\" content=\"summary_large_image\" \/>\n<meta name=\"twitter:label1\" content=\"Est. tempo de leitura\" \/>\n\t<meta name=\"twitter:data1\" content=\"1 minuto\" \/>\n<script type=\"application\/ld+json\" class=\"yoast-schema-graph\">{\"@context\":\"https:\/\/schema.org\",\"@graph\":[{\"@type\":\"WebPage\",\"@id\":\"https:\/\/jamahostel.com\/pt-br\/fotos\/\",\"url\":\"https:\/\/jamahostel.com\/pt-br\/fotos\/\",\"name\":\"Fotos de San Pedro de Atacama | Deserto de Atacama - Chile\",\"isPartOf\":{\"@id\":\"https:\/\/jamahostel.com\/pt-br\/#website\"},\"primaryImageOfPage\":{\"@id\":\"https:\/\/jamahostel.com\/pt-br\/fotos\/#primaryimage\"},\"image\":{\"@id\":\"https:\/\/jamahostel.com\/pt-br\/fotos\/#primaryimage\"},\"thumbnailUrl\":\"https:\/\/jamahostel.com\/wp-content\/uploads\/2022\/12\/atacama-1-e1675108881361.jpg\",\"datePublished\":\"2022-12-27T22:30:18+00:00\",\"dateModified\":\"2023-01-02T18:05:12+00:00\",\"description\":\"N\u00f3s convidamos voc\u00ea a descansar em um ambiente calmo e tranquilo, com espa\u00e7os verdes e frescos, sempre conectado com a natureza do Atacama. Seus propriet\u00e1rios, atacamenhos nativos, podem contar tudo sobre como sua cidade evoluiu, al\u00e9m de mostrar costumes, culin\u00e1ria e tradi\u00e7\u00f5es de San Pedro de Atacama, no norte do Chile.\",\"breadcrumb\":{\"@id\":\"https:\/\/jamahostel.com\/pt-br\/fotos\/#breadcrumb\"},\"inLanguage\":\"pt-BR\",\"potentialAction\":[{\"@type\":\"ReadAction\",\"target\":[\"https:\/\/jamahostel.com\/pt-br\/fotos\/\"]}]},{\"@type\":\"ImageObject\",\"inLanguage\":\"pt-BR\",\"@id\":\"https:\/\/jamahostel.com\/pt-br\/fotos\/#primaryimage\",\"url\":\"https:\/\/jamahostel.com\/wp-content\/uploads\/2022\/12\/atacama-1-e1675108881361.jpg\",\"contentUrl\":\"https:\/\/jamahostel.com\/wp-content\/uploads\/2022\/12\/atacama-1-e1675108881361.jpg\",\"width\":1920,\"height\":1080,\"caption\":\"Reservar Habitaciones Hostal Jama San Pedro de Atacama Chile\"},{\"@type\":\"BreadcrumbList\",\"@id\":\"https:\/\/jamahostel.com\/pt-br\/fotos\/#breadcrumb\",\"itemListElement\":[{\"@type\":\"ListItem\",\"position\":1,\"name\":\"Portada\",\"item\":\"https:\/\/jamahostel.com\/pt-br\/san-pedro-de-atacama\/\"},{\"@type\":\"ListItem\",\"position\":2,\"name\":\"Fotos\"}]},{\"@type\":\"WebSite\",\"@id\":\"https:\/\/jamahostel.com\/pt-br\/#website\",\"url\":\"https:\/\/jamahostel.com\/pt-br\/\",\"name\":\"Jama Hostel | San Pedro de Atacama\",\"description\":\"Atacama Desert\",\"publisher\":{\"@id\":\"https:\/\/jamahostel.com\/pt-br\/#organization\"},\"potentialAction\":[{\"@type\":\"SearchAction\",\"target\":{\"@type\":\"EntryPoint\",\"urlTemplate\":\"https:\/\/jamahostel.com\/pt-br\/?s={search_term_string}\"},\"query-input\":{\"@type\":\"PropertyValueSpecification\",\"valueRequired\":true,\"valueName\":\"search_term_string\"}}],\"inLanguage\":\"pt-BR\"},{\"@type\":\"Organization\",\"@id\":\"https:\/\/jamahostel.com\/pt-br\/#organization\",\"name\":\"Jama Hostel | San Pedro de Atacama\",\"url\":\"https:\/\/jamahostel.com\/pt-br\/\",\"logo\":{\"@type\":\"ImageObject\",\"inLanguage\":\"pt-BR\",\"@id\":\"https:\/\/jamahostel.com\/pt-br\/#\/schema\/logo\/image\/\",\"url\":\"https:\/\/jamahostel.com\/wp-content\/uploads\/2023\/09\/jama-hostel-23-e1693961431211.png\",\"contentUrl\":\"https:\/\/jamahostel.com\/wp-content\/uploads\/2023\/09\/jama-hostel-23-e1693961431211.png\",\"width\":300,\"height\":75,\"caption\":\"Jama Hostel | San Pedro de Atacama\"},\"image\":{\"@id\":\"https:\/\/jamahostel.com\/pt-br\/#\/schema\/logo\/image\/\"}}]}<\/script>\n<!-- \/ Yoast SEO plugin. -->","yoast_head_json":{"title":"Fotos de San Pedro de Atacama | Deserto de Atacama - Chile","description":"N\u00f3s convidamos voc\u00ea a descansar em um ambiente calmo e tranquilo, com espa\u00e7os verdes e frescos, sempre conectado com a natureza do Atacama. Seus propriet\u00e1rios, atacamenhos nativos, podem contar tudo sobre como sua cidade evoluiu, al\u00e9m de mostrar costumes, culin\u00e1ria e tradi\u00e7\u00f5es de San Pedro de Atacama, no norte do Chile.","robots":{"index":"index","follow":"follow","max-snippet":"max-snippet:-1","max-image-preview":"max-image-preview:large","max-video-preview":"max-video-preview:-1"},"canonical":"https:\/\/jamahostel.com\/pt-br\/fotos\/","og_locale":"pt_BR","og_type":"article","og_title":"Fotos de San Pedro de Atacama | Deserto de Atacama - Chile","og_description":"N\u00f3s convidamos voc\u00ea a descansar em um ambiente calmo e tranquilo, com espa\u00e7os verdes e frescos, sempre conectado com a natureza do Atacama. Seus propriet\u00e1rios, atacamenhos nativos, podem contar tudo sobre como sua cidade evoluiu, al\u00e9m de mostrar costumes, culin\u00e1ria e tradi\u00e7\u00f5es de San Pedro de Atacama, no norte do Chile.","og_url":"https:\/\/jamahostel.com\/pt-br\/fotos\/","og_site_name":"Jama Hostel | San Pedro de Atacama","article_modified_time":"2023-01-02T18:05:12+00:00","og_image":[{"width":1920,"height":1080,"url":"https:\/\/jamahostel.com\/wp-content\/uploads\/2022\/12\/atacama-1.jpg","type":"image\/jpeg"}],"twitter_card":"summary_large_image","twitter_misc":{"Est. tempo de leitura":"1 minuto"},"schema":{"@context":"https:\/\/schema.org","@graph":[{"@type":"WebPage","@id":"https:\/\/jamahostel.com\/pt-br\/fotos\/","url":"https:\/\/jamahostel.com\/pt-br\/fotos\/","name":"Fotos de San Pedro de Atacama | Deserto de Atacama - Chile","isPartOf":{"@id":"https:\/\/jamahostel.com\/pt-br\/#website"},"primaryImageOfPage":{"@id":"https:\/\/jamahostel.com\/pt-br\/fotos\/#primaryimage"},"image":{"@id":"https:\/\/jamahostel.com\/pt-br\/fotos\/#primaryimage"},"thumbnailUrl":"https:\/\/jamahostel.com\/wp-content\/uploads\/2022\/12\/atacama-1-e1675108881361.jpg","datePublished":"2022-12-27T22:30:18+00:00","dateModified":"2023-01-02T18:05:12+00:00","description":"N\u00f3s convidamos voc\u00ea a descansar em um ambiente calmo e tranquilo, com espa\u00e7os verdes e frescos, sempre conectado com a natureza do Atacama. Seus propriet\u00e1rios, atacamenhos nativos, podem contar tudo sobre como sua cidade evoluiu, al\u00e9m de mostrar costumes, culin\u00e1ria e tradi\u00e7\u00f5es de San Pedro de Atacama, no norte do Chile.","breadcrumb":{"@id":"https:\/\/jamahostel.com\/pt-br\/fotos\/#breadcrumb"},"inLanguage":"pt-BR","potentialAction":[{"@type":"ReadAction","target":["https:\/\/jamahostel.com\/pt-br\/fotos\/"]}]},{"@type":"ImageObject","inLanguage":"pt-BR","@id":"https:\/\/jamahostel.com\/pt-br\/fotos\/#primaryimage","url":"https:\/\/jamahostel.com\/wp-content\/uploads\/2022\/12\/atacama-1-e1675108881361.jpg","contentUrl":"https:\/\/jamahostel.com\/wp-content\/uploads\/2022\/12\/atacama-1-e1675108881361.jpg","width":1920,"height":1080,"caption":"Reservar Habitaciones Hostal Jama San Pedro de Atacama Chile"},{"@type":"BreadcrumbList","@id":"https:\/\/jamahostel.com\/pt-br\/fotos\/#breadcrumb","itemListElement":[{"@type":"ListItem","position":1,"name":"Portada","item":"https:\/\/jamahostel.com\/pt-br\/san-pedro-de-atacama\/"},{"@type":"ListItem","position":2,"name":"Fotos"}]},{"@type":"WebSite","@id":"https:\/\/jamahostel.com\/pt-br\/#website","url":"https:\/\/jamahostel.com\/pt-br\/","name":"Jama Hostel | San Pedro de Atacama","description":"Atacama Desert","publisher":{"@id":"https:\/\/jamahostel.com\/pt-br\/#organization"},"potentialAction":[{"@type":"SearchAction","target":{"@type":"EntryPoint","urlTemplate":"https:\/\/jamahostel.com\/pt-br\/?s={search_term_string}"},"query-input":{"@type":"PropertyValueSpecification","valueRequired":true,"valueName":"search_term_string"}}],"inLanguage":"pt-BR"},{"@type":"Organization","@id":"https:\/\/jamahostel.com\/pt-br\/#organization","name":"Jama Hostel | San Pedro de Atacama","url":"https:\/\/jamahostel.com\/pt-br\/","logo":{"@type":"ImageObject","inLanguage":"pt-BR","@id":"https:\/\/jamahostel.com\/pt-br\/#\/schema\/logo\/image\/","url":"https:\/\/jamahostel.com\/wp-content\/uploads\/2023\/09\/jama-hostel-23-e1693961431211.png","contentUrl":"https:\/\/jamahostel.com\/wp-content\/uploads\/2023\/09\/jama-hostel-23-e1693961431211.png","width":300,"height":75,"caption":"Jama Hostel | San Pedro de Atacama"},"image":{"@id":"https:\/\/jamahostel.com\/pt-br\/#\/schema\/logo\/image\/"}}]}},"_links":{"self":[{"href":"https:\/\/jamahostel.com\/pt-br\/wp-json\/wp\/v2\/pages\/1843","targetHints":{"allow":["GET"]}}],"collection":[{"href":"https:\/\/jamahostel.com\/pt-br\/wp-json\/wp\/v2\/pages"}],"about":[{"href":"https:\/\/jamahostel.com\/pt-br\/wp-json\/wp\/v2\/types\/page"}],"author":[{"embeddable":true,"href":"https:\/\/jamahostel.com\/pt-br\/wp-json\/wp\/v2\/users\/1"}],"replies":[{"embeddable":true,"href":"https:\/\/jamahostel.com\/pt-br\/wp-json\/wp\/v2\/comments?post=1843"}],"version-history":[{"count":2,"href":"https:\/\/jamahostel.com\/pt-br\/wp-json\/wp\/v2\/pages\/1843\/revisions"}],"predecessor-version":[{"id":2029,"href":"https:\/\/jamahostel.com\/pt-br\/wp-json\/wp\/v2\/pages\/1843\/revisions\/2029"}],"wp:featuredmedia":[{"embeddable":true,"href":"https:\/\/jamahostel.com\/pt-br\/wp-json\/wp\/v2\/media\/1245"}],"wp:attachment":[{"href":"https:\/\/jamahostel.com\/pt-br\/wp-json\/wp\/v2\/media?parent=1843"}],"curies":[{"name":"wp","href":"https:\/\/api.w.org\/{rel}","templated":true}]}}